{"id":3578,"date":"2023-07-18T16:37:45","date_gmt":"2023-07-18T14:37:45","guid":{"rendered":"https:\/\/lescougars.fr\/?page_id=3578"},"modified":"2023-07-18T16:39:26","modified_gmt":"2023-07-18T14:39:26","slug":"notre-histoire","status":"publish","type":"page","link":"https:\/\/lescougars.fr\/index.php\/notre-histoire\/","title":{"rendered":"Notre Histoire"},"content":{"rendered":"<section class=\"wpb-content-wrapper\"><p>[vc_row full_width=\u00a0\u00bbstretch_row\u00a0\u00bb css=\u00a0\u00bb.vc_custom_1689690885958{margin-bottom: 0px !important;}\u00a0\u00bb][vc_column][vc_column_text]<\/p>\n<h2 style=\"text-align: center;\"><strong>Notre Histoire<\/strong><\/h2>\n<p>[\/vc_column_text][\/vc_column][\/vc_row][vc_row][vc_column width=\u00a0\u00bb1\/2&Prime;][vc_single_image image=\u00a0\u00bb3089&Prime; img_size=\u00a0\u00bbfull\u00a0\u00bb css_animation=\u00a0\u00bbleft-to-right\u00a0\u00bb][vc_column_text]<strong>1992<\/strong>, apr\u00e8s une s\u00e9rie de matchs en probatoire, l\u2019\u00e9quipe est inscrite en Casque d\u2019Argent.<br \/>\nDominique DURAND est Pr\u00e9sident du club.<\/p>\n<p><strong>1993<\/strong>, Pierre VERQUIN devient Pr\u00e9sident du club. Patrice DEBOURBE un ancien joueur succ\u00e8de \u00e0 HICKEY et DE YOUNG \u00e0 la t\u00eate de l&rsquo;\u00e9quipe Senior.<\/p>\n<p><strong>1994<\/strong>, la premi\u00e8re \u00e9quipe Flag voit le jour. Un canadien Michel PELLETIER prend en charge l&rsquo;\u00e9quipe Senior.<\/p>\n<p><strong>1995<\/strong>, les Cougars cr\u00e9ent leur premi\u00e8re \u00e9quipe Junior. La m\u00eame ann\u00e9e, les seniors apr\u00e8s une saison invaincus \u00e9chouent\u00a0 pour le titre de Champion de France de 3<sup>\u00e8me<\/sup>Division (Casque d\u2019Argent) face aux Molosses de Boulogne Billancourt.<\/p>\n<p><strong>1998,<\/strong> un canadien Luc LADOUCEUR devient le premier salari\u00e9 du club en prenant le Coaching de l&rsquo;\u00e9quipe Senior.[\/vc_column_text][vc_single_image image=\u00a0\u00bb3085&Prime; img_size=\u00a0\u00bbfull\u00a0\u00bb css_animation=\u00a0\u00bbleft-to-right\u00a0\u00bb][vc_column_text]<strong>2002<\/strong>, l\u2019\u00e9quipe Junior devient Championne de France face \u00e0 l\u2019Iron Mask de Cannes; Lionel BUISARD est nomm\u00e9 MVP de la Finale.<\/p>\n<p><strong>2003<\/strong>, l\u2019\u00e9quipe Junior conserve son titre de Championne de France face aux Black Panthers de Thonon les Bains, Lionel BUISARD est nomm\u00e9 MVP de la Finale.<\/p>\n<p><strong>2004<\/strong>, les Cougars cr\u00e9ent leur \u00e9quipe Cadet. Thierry DAFFLON succ\u00e8de \u00e0 Pierre VERQUIN d\u00e9c\u00e9d\u00e9 en cours de saison.<\/p>\n<p><strong>2005<\/strong>, il n\u2019aura suffit que d\u2019une saison aux Cougars pour remporter le titre de Champion de France Cadet face aux Argonautes d\u2019Aix en Provence.<\/p>\n<p><strong>2006<\/strong>, les Cadets conservent leur titre de Champion de France et toujours face aux Argonautes d\u2019Aix en Provence. Les\u00a0 Seniors perdent en \u00bd finale du Championnat de France Elite face \u00e0 ses m\u00eames Argonautes (21-34); Guillaume COLLAS est nomm\u00e9 MVP de la Finale.<\/p>\n<p><strong>2007<\/strong>, Emmanuel DAVENEL devient Pr\u00e9sident du club apr\u00e8s en avoir \u00e9t\u00e9 joueur et coach.[\/vc_column_text][vc_single_image image=\u00a0\u00bb3065&Prime; img_size=\u00a0\u00bbfull\u00a0\u00bb css_animation=\u00a0\u00bbleft-to-right\u00a0\u00bb][vc_single_image image=\u00a0\u00bb3057&Prime; img_size=\u00a0\u00bbfull\u00a0\u00bb css_animation=\u00a0\u00bbleft-to-right\u00a0\u00bb][vc_single_image image=\u00a0\u00bb3032&Prime; img_size=\u00a0\u00bbfull\u00a0\u00bb css_animation=\u00a0\u00bbleft-to-right\u00a0\u00bb][vc_column_text]<\/p>\n<h4>Champion !!!!<\/h4>\n<p>[\/vc_column_text][vc_column_text]<strong>2015<\/strong>,\u00a0L&rsquo;\u00e9quipe Senior &lsquo;A&rsquo; remporte le Championnat de France de Division 1 (Casque de Diamant) 28-7 face aux Black Panthers de Thonon les Bains; le LB Carl TEMBO est nomm\u00e9 MVP de la Finale.<br \/>\nTembo remporte \u00e9galement le Troph\u00e9e Laurent Plegelatte r\u00e9compensant le meilleur joueur fran\u00e7ais de la saison en Division 1.<\/p>\n<p><strong>2016<\/strong>, L&rsquo;\u00e9quipe Senior &lsquo;A&rsquo; r\u00e9alise le Doubl\u00e9 en remportant de nouveau le Championnat de France de Division 1 (Casque de Diamant) 28-17 face aux Dauphins de Nice; le WR Jefferson ALEXANDRE\u00a0est nomm\u00e9 MVP de la Finale.<\/p>\n<p><strong>2017<\/strong>, Flora SOARES est \u00e9lue pr\u00e9sidente du club apr\u00e8s avoir \u00e9t\u00e9 membre du Conseil d&rsquo;Administration pendant plusieurs ann\u00e9es.<\/p>\n<p><strong>2019<\/strong>, L&rsquo;\u00e9quipe Senior &lsquo;A&rsquo; atteint la Finale du Championnat de France de Division 1 (Casque de Diamant) apr\u00e8s s&rsquo;\u00eatre qualifi\u00e9e en 1\/4 puis en 1\/2 Finale \u00e0 l&rsquo;ext\u00e9rieur mais \u00e9choue \u00e0 d\u00e9crocher son 3\u00e8me titre face aux Black Panthers de Thonon les Bains 7-24.<br \/>\nA l&rsquo;issue de la saison apr\u00e8s 20 ann\u00e9es \u00e0 la t\u00eate de l&rsquo;\u00e9quipe en tant que Head Coach et Manager Xavier MAS quitte le club et le bureau directeur ne se repr\u00e9sente pas.<br \/>\nSt\u00e9phane BAGO ancien joueur et coach est \u00e9lu \u00e0 la pr\u00e9sidence du club.[\/vc_column_text][vc_single_image image=\u00a0\u00bb3563&Prime; img_size=\u00a0\u00bbfull\u00a0\u00bb css_animation=\u00a0\u00bbleft-to-right\u00a0\u00bb][\/vc_column][vc_column width=\u00a0\u00bb1\/2&Prime;][vc_column_text]<\/p>\n<h4>1989 &#8211; Le commencement<\/h4>\n<p>[\/vc_column_text][vc_column_text]<strong>1989<\/strong>, le club des Cougars voit le jour en novembre gr\u00e2ce \u00e0 un jeune St Ouennais de 17ans passionn\u00e9 de football am\u00e9ricain, Patrick PLIGERSDORFFER.<br \/>\nA l\u2019origine le club s\u2019est appel\u00e9 Mustangs puis Firebirds avant de prendre son nom d\u00e9finitif.<br \/>\nCompos\u00e9 de 7 \u00e9l\u00e9ments au tout d\u00e9but, le groupe va s\u2019\u00e9toffer tr\u00e8s rapidement.<\/p>\n<p><strong>1990<\/strong>, un pasteur am\u00e9ricain passe devant un espace en herbe o\u00f9 les jeunes s\u2019entra\u00eenent et il se propose de les encadrer.<\/p>\n<p>Dennis HICKEY entre alors au sein de l\u2019association dont il devient rapidement le Pr\u00e9sident en plus d\u2019en \u00eatre le coach.<br \/>\nUn autre am\u00e9ricain Dirk DE YOUNG, le rejoint apr\u00e8s quelques mois pour aider dans le coaching d\u00e9fensif.[\/vc_column_text][vc_single_image image=\u00a0\u00bb3074&Prime; img_size=\u00a0\u00bbfull\u00a0\u00bb css_animation=\u00a0\u00bbright-to-left\u00a0\u00bb][vc_column_text]<\/p>\n<h4>1999 &#8211; L&rsquo;air Mas<\/h4>\n<p>[\/vc_column_text][vc_column_text]<strong>1999<\/strong>, Xavier MAS succ\u00e8de \u00e0 Ladouceur sur le coaching S\u00e9nior.<br \/>\nL&rsquo;\u00e9quipe remporte le Championnat R\u00e9gional face aux\u00a0 Pygargues de Troyes ainsi que le titre de Champion de France de Division 2 (Casque d\u2019Or) face aux Servals de Clermont Ferrand (42-21); le QB Herv\u00e9 GOMEZ est nomm\u00e9 MVP de la Finale.<\/p>\n<p><strong>2000<\/strong>, l\u2019\u00e9quipe flag de cadet remporte le Championnat Ile de France face au Flash de La Courneuve.<\/p>\n<p><strong>2001<\/strong>, l\u2019\u00e9quipe Senior s\u2019incline en \u00bd finale du Championnat de France Elite (Casque de Diamant) face aux Argonautes d&rsquo;Aix en Provence 20-38.<br \/>\nPour la premi\u00e8re fois un cougar est reconnu par ses pairs, Xavier MAS est \u00e9lu MVP du Championnat.[\/vc_column_text][vc_single_image image=\u00a0\u00bb3064&Prime; img_size=\u00a0\u00bbfull\u00a0\u00bb css_animation=\u00a0\u00bbright-to-left\u00a0\u00bb][vc_column_text]<strong>2008<\/strong>, l&rsquo;\u00e9quipe Junior remporte son 3\u00e8me titre de Championne de France face aux Black Panthers de Thonon les Bains avec une organisation de la finale \u00e0 domicile qui aura \u00e9t\u00e9 une v\u00e9ritable f\u00eate avec plus de 1 000 spectateurs, Guillaume COLLAS est nom\u00e9 MVP de la Finale.<br \/>\nLa municipalit\u00e9 de St Ouen l&rsquo;Aum\u00f4ne vote la construction d&rsquo;un terrain synth\u00e9tique d\u00e9di\u00e9 aux Cougars qui est\u00a0 inaugur\u00e9 le 9 Novembre.<\/p>\n<p><strong>2009<\/strong>, l&rsquo;\u00e9quipe Junior pour la 2nde fois de son histoire r\u00e9alise le doubl\u00e9 en conservant son titre face aux Ours de Toulouse dans un stade \u00e0 nouveau comble (28-0); C\u00e9sar HEBEL est nomm\u00e9 MVP de la Finale.<br \/>\nCr\u00e9ation d&rsquo;une Equipe Senior B qui \u00e9volue en Championnat R\u00e9gional.<\/p>\n<p><strong>2010<\/strong>, 1er match\u00a0Europ\u00e9en (EFAF Cup) disput\u00e9 \u00e0 St Ouen l&rsquo;Aum\u00f4ne devant 1 800 spectateurs et victoire face aux Crusaders d&rsquo;Amsterdam (27-14).<br \/>\nD\u00e9faite chez les London Blitz (21-26) qui ne permet pas de passer le 1er tour.Cr\u00e9ation d&rsquo;une \u00e9quipe Senior \u00ab\u00a0B\u00a0\u00bb qui \u00e9choue en 1\/2 finale du Championnat R\u00e9gional Ile de France mais acc\u00e8de n\u00e9anmoins \u00e0 la 3\u00e8me Division.<br \/>\n1\u00e8re saison avec une fiche positive dans chaque section du club.<\/p>\n<p>L&rsquo;\u00e9quipe Senior &lsquo;A&rsquo; est \u00e9limin\u00e9e en 1\/2 finale du Championnat de Fra<br \/>\nce Elite chez les Spartiates d&rsquo;Amiens (futurs champions) dans la derni\u00e8re minute (12-20).<\/p>\n<p><strong>2011<\/strong>, 2nde qualification en EFAF Cup avec une victoire en poule face aux Coventry Jets (81-7) et une d\u00e9faite au Danemark chez les Sollerod Gold Diggers (40-16) qui ne permet pas de passer le 1er tour.<\/p>\n<p><strong>2012<\/strong>, Apr\u00e8s 13 ans \u00e0 la t\u00eate de l&rsquo;Equipe Elite, Xavier MAS abandonne le coaching et c&rsquo;est un coach am\u00e9ricain qui le remplace Kirk LAX en provenance de Charleston Southern (FCS)<br \/>\nL&rsquo;\u00e9quipe Senior &lsquo;B&rsquo; atteint la Finale R\u00e9gionale invaincue mais \u00e9choue \u00e0 remporter le titre battue par le Red Star de Noisy le Sec (3-6)<br \/>\nL&rsquo;\u00e9quipe Flag mixte +17ans est quand \u00e0 elle \u00e9limin\u00e9e en 1\/2 finale du Championnat de France.<\/p>\n<p><strong>2013<\/strong>, William Mc CARTHY en provenance du championnat Indoor succ\u00e8de \u00e0 Lax mais est remerci\u00e9 au bout de 7 matchs, Xavier Mas assure l&rsquo;int\u00e9rim.<br \/>\nL&rsquo;\u00e9quipe Senior B remporte le Championnat R\u00e9gional Ile de France 41-14 face aux Myrmidons de Ponthierry.<br \/>\nMarc VERICA remporte le Troph\u00e9e Chris Flynn r\u00e9compensant le meilleur joueur \u00e9tranger de Division 1.<br \/>\nLoic Le GLAS est \u00e9lu pr\u00e9sident du club d\u00e9but juin apr\u00e8s avoir \u00e9t\u00e9 joueur et coach.[\/vc_column_text][vc_single_image image=\u00a0\u00bb3056&Prime; img_size=\u00a0\u00bbfull\u00a0\u00bb css_animation=\u00a0\u00bbright-to-left\u00a0\u00bb][vc_single_image image=\u00a0\u00bb1965&Prime; img_size=\u00a0\u00bbfull\u00a0\u00bb css_animation=\u00a0\u00bbright-to-left\u00a0\u00bb][vc_column_text]<\/p>\n<h4>Le nouveau souffle&#8230;<\/h4>\n<p>[\/vc_column_text][vc_column_text]<strong>2020<\/strong> est l&rsquo;ann\u00e9e blanche\u2026 Comme le monde entier le club a d\u00fb s&rsquo;arr\u00eater suite \u00e0 la pand\u00e9mie du Covid.<\/p>\n<p><strong>2021, <\/strong>Le coach Bago re-mobilise ses troupes et prends une d\u00e9cision capitale pour le club celle de fusionner l&rsquo;\u00e9quipe B \u00e9voluant en division 3 \u00e0 l&rsquo;\u00e9quipe \u00e9lite. Cette d\u00e9cision payante puisque l&rsquo;\u00e9quipe se qualifiera pour les playoffs et attendra les demi-finales.<\/p>\n<p><strong>2022,<\/strong> fut l&rsquo;ann\u00e9e de la reconstruction puisque pas mal de joueurs prennent leur retraite sportif. C&rsquo;est l&rsquo;occasion pour les jeunes joueurs de prendre place dans l&rsquo;effectif \u00e9lite et de construire un nouveau groupe.[\/vc_column_text][\/vc_column][\/vc_row]<\/p>\n<\/section>","protected":false},"excerpt":{"rendered":"<p>[vc_row full_width=\u00a0\u00bbstretch_row\u00a0\u00bb css=\u00a0\u00bb.vc_custom_1689690885958{margin-bottom: 0px !important;}\u00a0\u00bb][vc_column][vc_column_text] Notre Histoire [\/vc_column_text][\/vc_column][\/vc_row][vc_row][vc_column width=\u00a0\u00bb1\/2&Prime;][vc_single_image image=\u00a0\u00bb3089&Prime; img_size=\u00a0\u00bbfull\u00a0\u00bb css_animation=\u00a0\u00bbleft-to-right\u00a0\u00bb][vc_column_text]1992, apr\u00e8s une s\u00e9rie de matchs en probatoire, l\u2019\u00e9quipe est inscrite en Casque d\u2019Argent. Dominique DURAND est Pr\u00e9sident du club. 1993, Pierre VERQUIN devient Pr\u00e9sident du club. Patrice DEBOURBE un ancien joueur succ\u00e8de \u00e0 HICKEY et DE YOUNG \u00e0 la t\u00eate de l&rsquo;\u00e9quipe Senior&#8230;.<\/p>\n","protected":false},"author":1,"featured_media":0,"parent":0,"menu_order":0,"comment_status":"closed","ping_status":"closed","template":"","meta":{"footnotes":""},"class_list":["post-3578","page","type-page","status-publish","hentry"],"jetpack_sharing_enabled":true,"_links":{"self":[{"href":"https:\/\/lescougars.fr\/index.php\/wp-json\/wp\/v2\/pages\/3578","targetHints":{"allow":["GET"]}}],"collection":[{"href":"https:\/\/lescougars.fr\/index.php\/wp-json\/wp\/v2\/pages"}],"about":[{"href":"https:\/\/lescougars.fr\/index.php\/wp-json\/wp\/v2\/types\/page"}],"author":[{"embeddable":true,"href":"https:\/\/lescougars.fr\/index.php\/wp-json\/wp\/v2\/users\/1"}],"replies":[{"embeddable":true,"href":"https:\/\/lescougars.fr\/index.php\/wp-json\/wp\/v2\/comments?post=3578"}],"version-history":[{"count":24,"href":"https:\/\/lescougars.fr\/index.php\/wp-json\/wp\/v2\/pages\/3578\/revisions"}],"predecessor-version":[{"id":3792,"href":"https:\/\/lescougars.fr\/index.php\/wp-json\/wp\/v2\/pages\/3578\/revisions\/3792"}],"wp:attachment":[{"href":"https:\/\/lescougars.fr\/index.php\/wp-json\/wp\/v2\/media?parent=3578"}],"curies":[{"name":"wp","href":"https:\/\/api.w.org\/{rel}","templated":true}]}}